{"id":14,"date":"2015-06-26T23:40:07","date_gmt":"2015-06-26T23:40:07","guid":{"rendered":"http:\/\/tengrand.com\/?page_id=14"},"modified":"2015-07-01T12:54:55","modified_gmt":"2015-07-01T12:54:55","slug":"instructions-in-spanish","status":"publish","type":"page","link":"https:\/\/tengrand.com\/index.php\/getting-started\/how-to-play\/instructions-in-spanish\/","title":{"rendered":"Instructions in Spanish"},"content":{"rendered":"<p><strong>INICIANDO EL JUEGO, OPCIONES DE JUGAR\/MARCAR PUNTOS Y CURIOSIDADES SOBRE EL JUEGO:<\/strong><\/p>\n<p><strong>View our Video on YouTube &#8211;\u00a0<a href=\"https:\/\/www.youtube.com\/user\/pjgeudner\" target=\"_blank\">CLICK HERE<\/a><\/strong><\/p>\n<p><strong><a href=\"http:\/\/tengrand.com\/wp-content\/uploads\/2015\/06\/225x_ten_grand-3.jpg\"><img loading=\"lazy\" decoding=\"async\" class=\"alignright size-full wp-image-46\" src=\"http:\/\/tengrand.com\/wp-content\/uploads\/2015\/06\/225x_ten_grand-3.jpg\" alt=\"225x_ten_grand-3\" width=\"225\" height=\"225\" srcset=\"https:\/\/tengrand.com\/wp-content\/uploads\/2015\/06\/225x_ten_grand-3.jpg 225w, https:\/\/tengrand.com\/wp-content\/uploads\/2015\/06\/225x_ten_grand-3-150x150.jpg 150w, https:\/\/tengrand.com\/wp-content\/uploads\/2015\/06\/225x_ten_grand-3-48x48.jpg 48w, https:\/\/tengrand.com\/wp-content\/uploads\/2015\/06\/225x_ten_grand-3-186x186.jpg 186w, https:\/\/tengrand.com\/wp-content\/uploads\/2015\/06\/225x_ten_grand-3-184x184.jpg 184w\" sizes=\"auto, (max-width: 225px) 100vw, 225px\" \/><\/a>Reglas de TEN GRAND &#8211; <a href=\"http:\/\/tengrand.com\/wp-content\/uploads\/2015\/07\/tengrand_instructions_spanish.pdf\" target=\"_blank\">CLICK HERE<\/a><\/strong><\/p>\n<ol>\n<li><strong>Para determinar quien va primero,<\/strong> cada jugador tira todos los seis dados una vez y el jugador con la puntuaci\u00f3n m\u00e1s alta juega primero. En caso de un empate, los jugadores empatados tiran nuevamente.<\/li>\n<li><strong>Juego va hacia la derecha del primer jugador.<\/strong><\/li>\n<li><strong>Un juego tomar\u00e1 alrededor de 15 minutos por jugador.<\/strong><\/li>\n<li><strong>Un jugador debe ser el anotador designado,<\/strong> anotando la puntuaci\u00f3n con lap\u00edz y papel<\/li>\n<li><strong>Rango de edad para el juego es desde 8 a\u00f1os en adelante.<\/strong><\/li>\n<li><strong>Opciones de puntuaci\u00f3n:<\/strong><br \/>\n<strong>A. \u2018Iniciando la puntuaci\u00f3n\u2019.<\/strong> Para obtener la primera puntuaci\u00f3n, un jugador debe tirar los dados por lo menos 3 veces y obtener por lo menos 350 puntos antes de que pueda parar.<br \/>\n<strong>B. Se permite una \u201cEscalera\u201d tiene valor.<\/strong> Escaleras cuentan como 200 puntos- PERO la escalera tambi\u00e9n cuenta como una GRAN RODADA.<\/li>\n<li><strong>Una \u201cEscalera\u201d se define como 1 de cada cara.<\/strong> Por ejemplo: Usted retiene un 100 de la primera TIRADA. A continuaci\u00f3n, usted TIRA 5 dados y retiene un 50 de la segunda TIRADA. En su tercera TIRADA usted obtiene jota, reina, rey, y as. En vez de no recibir puntos como QUEMADURA, a esto se llama una \u201cEscalera\u201d, 1 de cada cara y todos los dados tienen valor calificando como GRAN RODADA. A continuaci\u00f3n, puede recoger todos los 6 dados (arriesgando 200 puntos) y TIRAR los dados nuevamente.<\/li>\n<li><strong>TEN GRAND\u00ae es una progresi\u00f3n geom\u00e9trica de 2,<\/strong> juego de dados. Progresi\u00f3n geom\u00e9trica de 2 se refiere a la manera 4 de la misma clase vale dos veces m\u00e1s que 3 de una misma clase y as\u00ed sucesivamente.<\/li>\n<li><strong>TEN GRAND\u00ae fue jugada por los agentes de inteligncia en el aerplano \u201cAir Force One\u201d durante la administraci\u00f3n del Presidente Clinton.<\/strong><\/li>\n<li><strong>El juego recibi\u00f3 su primera marca registrada en 1975 como TEN-TWENTY GRAND.<\/strong><\/li>\n<\/ol>\n<blockquote>\n<p style=\"text-align: center;\">!!! ADVERTENCIA-LOS DADOS PRESENTAN UN PELIGRO DE ASFIXIA PARA LOS NI\u00d1OS PEQUE\u00d1OS.<br \/>\nMANTENGA LOS DADOS FUERA DEL ALCANCE DE LOS NI\u00d1OS PEQUE\u00d1OS!!!!<\/p>\n<\/blockquote>\n<p>DERECHOS DE AUTOR DE 2015. TODOS LOS DERECHOS RESERVADOS.<\/p>\n<p>TEN GRAND\u00ae is Produced by the Denver Numbers Company, LLC.<\/p>\n<p>All parts are made in China.<\/p>\n","protected":false},"excerpt":{"rendered":"<p>INICIANDO EL JUEGO, OPCIONES DE JUGAR\/MARCAR PUNTOS Y CURIOSIDADES SOBRE EL JUEGO: View our Video on YouTube &#8211;\u00a0CLICK HERE Reglas de TEN GRAND &#8211; CLICK HERE Para determinar quien va primero, cada jugador tira todos los seis dados una vez y el jugador con la puntuaci\u00f3n m\u00e1s alta juega primero. En caso de un empate, [&hellip;]<\/p>\n","protected":false},"author":1,"featured_media":0,"parent":6,"menu_order":2,"comment_status":"open","ping_status":"open","template":"","meta":{"footnotes":""},"class_list":["post-14","page","type-page","status-publish","hentry"],"aioseo_notices":[],"_links":{"self":[{"href":"https:\/\/tengrand.com\/index.php\/wp-json\/wp\/v2\/pages\/14","targetHints":{"allow":["GET"]}}],"collection":[{"href":"https:\/\/tengrand.com\/index.php\/wp-json\/wp\/v2\/pages"}],"about":[{"href":"https:\/\/tengrand.com\/index.php\/wp-json\/wp\/v2\/types\/page"}],"author":[{"embeddable":true,"href":"https:\/\/tengrand.com\/index.php\/wp-json\/wp\/v2\/users\/1"}],"replies":[{"embeddable":true,"href":"https:\/\/tengrand.com\/index.php\/wp-json\/wp\/v2\/comments?post=14"}],"version-history":[{"count":9,"href":"https:\/\/tengrand.com\/index.php\/wp-json\/wp\/v2\/pages\/14\/revisions"}],"predecessor-version":[{"id":207,"href":"https:\/\/tengrand.com\/index.php\/wp-json\/wp\/v2\/pages\/14\/revisions\/207"}],"up":[{"embeddable":true,"href":"https:\/\/tengrand.com\/index.php\/wp-json\/wp\/v2\/pages\/6"}],"wp:attachment":[{"href":"https:\/\/tengrand.com\/index.php\/wp-json\/wp\/v2\/media?parent=14"}],"curies":[{"name":"wp","href":"https:\/\/api.w.org\/{rel}","templated":true}]}}